{"id":71,"date":"2008-02-24T15:40:06","date_gmt":"2008-02-24T13:40:06","guid":{"rendered":"http:\/\/www.icblc.be\/wp\/?page_id=71"},"modified":"2012-05-02T11:17:11","modified_gmt":"2012-05-02T09:17:11","slug":"comment-nous-contacter","status":"publish","type":"page","link":"http:\/\/www.icblc.be\/wp\/comment-nous-contacter","title":{"rendered":"Comment nous contacter ?"},"content":{"rendered":"<p>Vous pouvez nous contacter de diff\u00e9rentes fa\u00e7ons, pour discuter de sujets qui vous tiennent \u00e0 coeur ou envisager de rejoindre notre groupe :<\/p>\n<p>Par t\u00e9l\u00e9phone :<br \/>\n&#8211; un message sur notre r\u00e9pondeur 067\/55.28.74<br \/>\n&#8211; un coup de fil au Pr\u00e9sident : 0477\/489189<br \/>\n&#8211; un coup de fil aux mandataires (voir les pages mandataires communaux et CPAS)<\/p>\n<p>Par courrier \u00e9lectronique :<br \/>\n<a href=\"mailto:info@icblc.be\">info@icblc.be<\/a><br \/>\nou directement \u00e0 l&rsquo;adresse d&rsquo;un membre du comit\u00e9: &lt;pr\u00e9nom.nom&gt;@icblc.be<\/p>\n<p>Par notre site web, en laissant un commentaire sur un article.<\/p>\n<p>Retrouvez-nous sur notre page <a href=\"http:\/\/www.facebook.com\/pages\/Int%C3%A9r%C3%AAts-Communaux-de-Braine-le-Comte\/180345176274\"><img loading=\"lazy\" decoding=\"async\" class=\"alignnone size-full wp-image-239\" title=\"facebook\" src=\"http:\/\/www.icblc.be\/wp\/wp-content\/uploads\/2008\/02\/facebook.png\" alt=\"facebook\" width=\"103\" height=\"31\" target=_blank\/><img loading=\"lazy\" decoding=\"async\" class=\"alignnone size-full wp-image-240\" title=\"IC\" src=\"http:\/\/www.icblc.be\/wp\/wp-content\/uploads\/2008\/02\/IC.jpg\" alt=\"IC\" width=\"50\" height=\"50\" srcset=\"http:\/\/www.icblc.be\/wp\/wp-content\/uploads\/2008\/02\/IC.jpg 180w, http:\/\/www.icblc.be\/wp\/wp-content\/uploads\/2008\/02\/IC-150x150.jpg 150w\" sizes=\"auto, (max-width: 50px) 100vw, 50px\" \/><\/a>  <\/p>\n<p>Au niveau r\u00e9gional et national, le groupe Int\u00e9r\u00eats Communaux est apparent\u00e9 au cdH.<br \/>\n(<a href=\"http:\/\/www.lecdh.be\">www.lecdh.be<\/a>)<\/p>\n<p>Vous pouvez vous affilier \u00e0 l&rsquo;adresse suivante :<\/p>\n<p><a href=\"http:\/\/www.lecdh.be\/devenir-membre\" target=\"_blank\">Devenir membre<\/a><\/p>\n","protected":false},"excerpt":{"rendered":"<p>Vous pouvez nous contacter de diff\u00e9rentes fa\u00e7ons, pour discuter de sujets qui vous tiennent \u00e0 coeur ou envisager de rejoindre notre groupe : Par t\u00e9l\u00e9phone : &#8211; un message sur notre r\u00e9pondeur 067\/55.28.74 &#8211; un coup de fil au Pr\u00e9sident &hellip; <a href=\"http:\/\/www.icblc.be\/wp\/comment-nous-contacter\">Continuer la lecture <span class=\"meta-nav\">&rarr;<\/span><\/a><\/p>\n","protected":false},"author":2,"featured_media":0,"parent":0,"menu_order":0,"comment_status":"open","ping_status":"open","template":"","meta":{"footnotes":""},"class_list":["post-71","page","type-page","status-publish","hentry"],"_links":{"self":[{"href":"http:\/\/www.icblc.be\/wp\/wp-json\/wp\/v2\/pages\/71","targetHints":{"allow":["GET"]}}],"collection":[{"href":"http:\/\/www.icblc.be\/wp\/wp-json\/wp\/v2\/pages"}],"about":[{"href":"http:\/\/www.icblc.be\/wp\/wp-json\/wp\/v2\/types\/page"}],"author":[{"embeddable":true,"href":"http:\/\/www.icblc.be\/wp\/wp-json\/wp\/v2\/users\/2"}],"replies":[{"embeddable":true,"href":"http:\/\/www.icblc.be\/wp\/wp-json\/wp\/v2\/comments?post=71"}],"version-history":[{"count":7,"href":"http:\/\/www.icblc.be\/wp\/wp-json\/wp\/v2\/pages\/71\/revisions"}],"predecessor-version":[{"id":117,"href":"http:\/\/www.icblc.be\/wp\/wp-json\/wp\/v2\/pages\/71\/revisions\/117"}],"wp:attachment":[{"href":"http:\/\/www.icblc.be\/wp\/wp-json\/wp\/v2\/media?parent=71"}],"curies":[{"name":"wp","href":"https:\/\/api.w.org\/{rel}","templated":true}]}}